{"id":95,"date":"2019-09-03T11:57:42","date_gmt":"2019-09-03T11:57:42","guid":{"rendered":"http:\/\/medienzentrum-oberhausen.de\/?page_id=95"},"modified":"2023-04-26T09:01:33","modified_gmt":"2023-04-26T09:01:33","slug":"edmond-nrw","status":"publish","type":"page","link":"https:\/\/medienzentrum-oberhausen.de\/?page_id=95","title":{"rendered":"BILDUNGSMEDIATHEK NRW"},"content":{"rendered":"\n<h2 class=\"wp-block-heading\"><a href=\"https:\/\/nrw.edupool.de\/home?pid=dhmk0f7e23taohciok99ksq341&amp;standort=OB\" target=\"_blank\" rel=\"noreferrer noopener\" aria-label=\"Anmeldung &amp; Recherche (\u00f6ffnet in neuem Tab)\">Anmeldung &amp; Recherche<\/a><\/h2>\n\n\n\n<p>Bildungsmediathek NRW steht f\u00fcr Elektronische Distribution von BildungsMedien on Demand und bezeichnet einen Service der Kommunalen Medienzentren in Nordrhein-Westfalen. In diesem Rahmen bietet das Medienzentrum Oberhausen allen Lehrerinnen und Lehrern audiovisuelle Medien in digitaler Form f\u00fcr ihren Unterricht an. Die Medien gelangen unkompliziert per Download aus dem Internet auf die Rechner der Schule oder zum heimischen PC.<\/p>\n\n\n\n<p>Neben der klassischen Nutzung im Rahmen einer Vorf\u00fchrung lassen sich viele Medien bearbeiten und ver\u00e4ndern, und f\u00fcr unterrichtliche Zwecke in die Hand der Sch\u00fcler und Sch\u00fclerinnen weitergeben. Diese in Abstimmung mit den Medienherstellern einger\u00e4umten Nutzungsrechte bieten nicht nur eine F\u00fclle neuer Nutzungsm\u00f6glichkeiten, sondern geben Lehrkr\u00e4ften auch die hierf\u00fcr notwendige Rechtssicherheit.<\/p>\n\n\n\n<p>Voraussetzung f\u00fcr die Nutzung der Bildungsmediathek ist ein Antrag auf einen Zugang zum passwortgesch\u00fctzten Download. Das Formular finden Sie&nbsp;<a rel=\"noreferrer noopener\" aria-label=\" (\u00f6ffnet in neuem Tab)\" href=\"https:\/\/nrw.edupool.de\/home?pid=dhmk0f7e23taohciok99ksq341&amp;standort=OB\" target=\"_blank\">hier<\/a>. <br>Bitte geben Sie auf jeden Fall ihre Schulform und ihre Schule bei der Anmeldung an, wir k\u00f6nnen sie sonst nicht verarbeiten.<\/p>\n\n\n\n<p><a rel=\"noreferrer noopener\" aria-label=\"Nutzungsordnung zu EDMOND (pdf, 19 KByte) (\u00f6ffnet in neuem Tab)\" href=\"http:\/\/medienzentrum-oberhausen.de\/wp-content\/uploads\/2019\/09\/agb.pdf\" target=\"_blank\">Nutzungsordnung zu EDMOND (pdf, 19 KByte)<\/a><br><a rel=\"noreferrer noopener\" aria-label=\" (\u00f6ffnet in neuem Tab)\" href=\"http:\/\/medienzentrum-oberhausen.de\/wp-content\/uploads\/2019\/09\/EDMOND_Anleitung_Passwoerter.pdf\" target=\"_blank\">Anleitung zum \u00e4ndern des Passworts (pdf, 155 KByte)<\/a><\/p>\n","protected":false},"excerpt":{"rendered":"<p>Anmeldung &amp; Recherche Bildungsmediathek NRW steht f\u00fcr Elektronische Distribution von BildungsMedien on Demand und bezeichnet einen Service der Kommunalen Medienzentren in Nordrhein-Westfalen. In diesem Rahmen bietet das Medienzentrum Oberhausen allen Lehrerinnen und Lehrern audiovisuelle Medien in digitaler Form f\u00fcr ihren Unterricht an. Die Medien gelangen unkompliziert per Download aus dem Internet auf die Rechner der [&hellip;]<\/p>\n","protected":false},"author":1,"featured_media":0,"parent":4,"menu_order":0,"comment_status":"closed","ping_status":"closed","template":"","meta":{"footnotes":""},"class_list":["post-95","page","type-page","status-publish","hentry"],"_links":{"self":[{"href":"https:\/\/medienzentrum-oberhausen.de\/index.php?rest_route=\/wp\/v2\/pages\/95","targetHints":{"allow":["GET"]}}],"collection":[{"href":"https:\/\/medienzentrum-oberhausen.de\/index.php?rest_route=\/wp\/v2\/pages"}],"about":[{"href":"https:\/\/medienzentrum-oberhausen.de\/index.php?rest_route=\/wp\/v2\/types\/page"}],"author":[{"embeddable":true,"href":"https:\/\/medienzentrum-oberhausen.de\/index.php?rest_route=\/wp\/v2\/users\/1"}],"replies":[{"embeddable":true,"href":"https:\/\/medienzentrum-oberhausen.de\/index.php?rest_route=%2Fwp%2Fv2%2Fcomments&post=95"}],"version-history":[{"count":12,"href":"https:\/\/medienzentrum-oberhausen.de\/index.php?rest_route=\/wp\/v2\/pages\/95\/revisions"}],"predecessor-version":[{"id":272,"href":"https:\/\/medienzentrum-oberhausen.de\/index.php?rest_route=\/wp\/v2\/pages\/95\/revisions\/272"}],"up":[{"embeddable":true,"href":"https:\/\/medienzentrum-oberhausen.de\/index.php?rest_route=\/wp\/v2\/pages\/4"}],"wp:attachment":[{"href":"https:\/\/medienzentrum-oberhausen.de\/index.php?rest_route=%2Fwp%2Fv2%2Fmedia&parent=95"}],"curies":[{"name":"wp","href":"https:\/\/api.w.org\/{rel}","templated":true}]}}