{"id":380,"date":"2025-11-11T19:34:28","date_gmt":"2025-11-11T19:34:28","guid":{"rendered":"https:\/\/medienzentrum-oberhausen.de\/?page_id=380"},"modified":"2025-11-11T20:05:22","modified_gmt":"2025-11-11T20:05:22","slug":"impressum","status":"publish","type":"page","link":"https:\/\/medienzentrum-oberhausen.de\/?page_id=380","title":{"rendered":"Impressum"},"content":{"rendered":"\n<h3 class=\"wp-block-heading\" id=\"anbieterkennzeichnung-nach-5-telemediengesetz\">Anbieterkennzeichnung nach \u00a7 5 Telemediengesetz<\/h3>\n\n\n\n<p><strong>Stadt Oberhausen<\/strong><\/p>\n\n\n\n<p>Der Oberb\u00fcrgermeister<br>Schwartzstra\u00dfe 72<br>46042 Oberhausen<br>Tel.: +49 208 825-1<br>Fax: +49 208 825-2755<br>E-Mail:&nbsp;<a href=\"mailto:info@oberhausen.de\" target=\"_blank\" rel=\"noreferrer noopener\">info@oberhausen.de<\/a><\/p>\n\n\n\n<p>Die Stadt Oberhausen ist eine K\u00f6rperschaft des \u00f6ffentlichen Rechts. Sie wird vertreten durch den Oberb\u00fcrgermeister Daniel Schranz.<\/p>\n\n\n\n<p>Umsatzsteuer-Identifikationsnummer: DE 120646753<\/p>\n\n\n\n<div style=\"height:100px\" aria-hidden=\"true\" class=\"wp-block-spacer\"><\/div>\n\n\n\n<h3 class=\"wp-block-heading\" id=\"verantwortlich-fur-den-inhalt-nach-18-abs-2-mstv\">Verantwortlich f\u00fcr den Inhalt nach \u00a7 18 Abs. 2 MStV<\/h3>\n\n\n\n<p>Bereich 3-3-30-100\/Bildungsb\u00fcro<br>Medienzentrum Oberhausen<br>Westf\u00e4lische Strasse 17<br>46117 Oberhausen<br>E-Mail: <a href=\"mailto:torben.schuster@oberhausen.de\" target=\"_blank\" rel=\"noreferrer noopener\">stephan.schieck@oberhausen.de<\/a><\/p>\n\n\n\n<div style=\"height:100px\" aria-hidden=\"true\" class=\"wp-block-spacer\"><\/div>\n\n\n\n<h3 class=\"wp-block-heading\" id=\"rechtliche-hinweise\">Rechtliche Hinweise<\/h3>\n\n\n\n<p>Die Stadt Oberhausen ist um die Richtigkeit und Aktualit\u00e4t der Informationen und Daten auf ihrer Website bem\u00fcht. Eine Haftung oder Gew\u00e4hr f\u00fcr die Richtigkeit, Aktualit\u00e4t und Vollst\u00e4ndigkeit der zur Verf\u00fcgung gestellten Informationen und Daten ist jedoch ausgeschlossen.<\/p>\n\n\n\n<p>Die Stadt Oberhausen beh\u00e4lt sich vor, \u00c4nderungen oder Erg\u00e4nzungen der bereitgestellten Informationen und Daten ohne Ank\u00fcndigung vorzunehmen.<\/p>\n\n\n\n<p>Der Haftungsausschluss gilt auch f\u00fcr alle anderen Websites, auf die durch Hyperlinks verwiesen wird. Die Stadt Oberhausen ist f\u00fcr den Inhalt von Websites, die mittels einer solchen Verbindung erreicht werden, nicht verantwortlich.<\/p>\n\n\n\n<p>Die Stadt Oberhausen kann Manipulation oder versehentliche Verf\u00e4lschungen Dritter an den von ihr unter Internet-Bedingungen angebotenen Informationen und Daten nicht ausschlie\u00dfen und \u00fcbernimmt auch insoweit keine Gew\u00e4hr f\u00fcr die Richtigkeit der Daten und Informationen.<\/p>\n\n\n\n<p>Der Inhalt der Stadt Oberhausen Website ist urheberrechtlich gesch\u00fctzt. Die Vervielf\u00e4ltigung von Informationen und Daten, insbesondere die Verwendung von Texten, Textteilen und Bildmaterial bedarf &#8211; mit Ausnahme des f\u00fcr die Weiterverbreitung ausdr\u00fccklich angebotenen Text- und Bildmaterials &#8211; der vorherigen schriftlichen Zustimmung der Stadt Oberhausen.<\/p>\n\n\n\n<p>Alle Informationen und Daten, ihre Nutzung, die Anmeldung zur Stadt Oberhausen Website sowie das mit der Stadt Oberhausen Website zusammenh\u00e4ngende Handeln, Dulden oder Unterlassen unterliegt ausschlie\u00dflich deutschem Recht. Erf\u00fcllungsort und ausschlie\u00dflicher Gerichtsstand ist Oberhausen.&nbsp;Die Stadt Oberhausen weist darauf hin, dass sie zur Zeit noch keinen elektronischen Zugang gem\u00e4\u00df \u00a7 3a, Absatz 1 Verwaltungsverfahrensgesetz NRW er\u00f6ffnet hat.<\/p>\n\n\n\n<div style=\"height:100px\" aria-hidden=\"true\" class=\"wp-block-spacer\"><\/div>\n\n\n\n<p><strong>Hinweise zum Datenschutz<\/strong><\/p>\n\n\n\n<p>Die Stadt Oberhausen verpflichtet sich, die rechtm\u00e4\u00dfige Erhebung, Verarbeitung und Nutzung personenbezogener Informationen und Daten zu gew\u00e4hrleisten, um das Recht des einzelnen sicherzustellen, im Rahmen des geltenden Rechts selbst \u00fcber die Preisgabe und Verwendung sie\/ihn betreffender Informationen zu bestimmen (informationelles Selbstbestimmungsrecht). Grundlagen hierf\u00fcr sind das Datenschutzgesetz Nordrhein-Westfalen (DSG NW) und das Bundesdatenschutzgesetz (BDSG) in der jeweils g\u00fcltigen Fassung.<\/p>\n\n\n\n<p><strong>Personenbezogene Informationen\/Daten<\/strong><\/p>\n\n\n\n<p>Personenbezogene Informationen und Daten sind Einzelangaben \u00fcber pers\u00f6nliche oder sachliche Verh\u00e4ltnisse einer bestimmten oder aus dem Zusammenhang bestimmbaren nat\u00fcrlichen Person. Im Anwendungsbereich des Sozialgesetzbuches (SGB) geh\u00f6ren hierzu auch Betriebs- und Gesch\u00e4ftsgeheimnisse.<\/p>\n\n\n\n<p><strong>Datensicherheit<\/strong><\/p>\n\n\n\n<p>Alle per E-Mail gesendeten Daten sind ungesch\u00fctzt. Sie k\u00f6nnen evtl. von Dritten, w\u00e4hrend der \u00dcbermittlung, eingesehen werden. Wenn Sie pers\u00f6nliche Daten und Informationen versenden m\u00f6chten, die Sie lieber geheimhalten m\u00f6chten, sollten Sie auf eine \u00dcbermittlung via E-Mail verzichten. Eine Verschl\u00fcsselung der Daten ist z.Z. noch nicht realisiert. Die Stadt Oberhausen ist jedoch bem\u00fcht, Verschl\u00fcsselungstechniken einzusetzen, sobald sich Techniken etabliert haben.<\/p>\n\n\n\n<p><strong>Hinweise\/Fragestellungen<\/strong><\/p>\n\n\n\n<p>Sollten Sie Fragen zu diesem Hinweis zum Datenschutz und\/oder zum Datenschutz allgemein haben, k\u00f6nnen Sie sich unter datenschutz@oberhausen.de.<\/p>\n\n\n\n<div style=\"height:100px\" aria-hidden=\"true\" class=\"wp-block-spacer\"><\/div>\n\n\n\n<h3 class=\"wp-block-heading\">Konzeption und Logo<\/h3>\n\n\n\n<p>Medienzentrum Oberhausen<\/p>\n\n\n\n<h3 class=\"wp-block-heading\" id=\"konzeption-gestaltung-und-programmierung\">Gestaltung und Programmierung:<\/h3>\n\n\n\n<p>Medienzentrum Oberhausen <\/p>\n\n\n\n<p>Gestaltet mit <a href=\"https:\/\/de.wordpress.org\" rel=\"nofollow\">WordPress<\/a> \/\/ Twenty Twenty-Five<\/p>\n","protected":false},"excerpt":{"rendered":"<p>Anbieterkennzeichnung nach \u00a7 5 Telemediengesetz Stadt Oberhausen Der Oberb\u00fcrgermeisterSchwartzstra\u00dfe 7246042 OberhausenTel.: +49 208 825-1Fax: +49 208 825-2755E-Mail:&nbsp;info@oberhausen.de Die Stadt Oberhausen ist eine K\u00f6rperschaft des \u00f6ffentlichen Rechts. Sie wird vertreten durch den Oberb\u00fcrgermeister Daniel Schranz. Umsatzsteuer-Identifikationsnummer: DE 120646753 Verantwortlich f\u00fcr den Inhalt nach \u00a7 18 Abs. 2 MStV Bereich 3-3-30-100\/Bildungsb\u00fcroMedienzentrum OberhausenWestf\u00e4lische Strasse 1746117 OberhausenE-Mail: stephan.schieck@oberhausen.de Rechtliche [&hellip;]<\/p>\n","protected":false},"author":2,"featured_media":0,"parent":0,"menu_order":0,"comment_status":"closed","ping_status":"closed","template":"","meta":{"footnotes":""},"class_list":["post-380","page","type-page","status-publish","hentry"],"_links":{"self":[{"href":"https:\/\/medienzentrum-oberhausen.de\/index.php?rest_route=\/wp\/v2\/pages\/380","targetHints":{"allow":["GET"]}}],"collection":[{"href":"https:\/\/medienzentrum-oberhausen.de\/index.php?rest_route=\/wp\/v2\/pages"}],"about":[{"href":"https:\/\/medienzentrum-oberhausen.de\/index.php?rest_route=\/wp\/v2\/types\/page"}],"author":[{"embeddable":true,"href":"https:\/\/medienzentrum-oberhausen.de\/index.php?rest_route=\/wp\/v2\/users\/2"}],"replies":[{"embeddable":true,"href":"https:\/\/medienzentrum-oberhausen.de\/index.php?rest_route=%2Fwp%2Fv2%2Fcomments&post=380"}],"version-history":[{"count":2,"href":"https:\/\/medienzentrum-oberhausen.de\/index.php?rest_route=\/wp\/v2\/pages\/380\/revisions"}],"predecessor-version":[{"id":392,"href":"https:\/\/medienzentrum-oberhausen.de\/index.php?rest_route=\/wp\/v2\/pages\/380\/revisions\/392"}],"wp:attachment":[{"href":"https:\/\/medienzentrum-oberhausen.de\/index.php?rest_route=%2Fwp%2Fv2%2Fmedia&parent=380"}],"curies":[{"name":"wp","href":"https:\/\/api.w.org\/{rel}","templated":true}]}}