{"id":378,"date":"2025-11-11T19:29:38","date_gmt":"2025-11-11T19:29:38","guid":{"rendered":"https:\/\/medienzentrum-oberhausen.de\/?page_id=378"},"modified":"2025-11-11T19:40:13","modified_gmt":"2025-11-11T19:40:13","slug":"datenschutzerklaerung","status":"publish","type":"page","link":"https:\/\/medienzentrum-oberhausen.de\/?page_id=378","title":{"rendered":"Datenschutzerkl\u00e4rung"},"content":{"rendered":"\n<p>Sehr geehrte Nutzer\/innen,<\/p>\n\n\n\n<p>der Schutz Ihrer Privatsph\u00e4re hat f\u00fcr uns einen hohen Stellenwert. Im Folgenden informieren wir Sie \u00fcber die Verarbeitung Ihrer personenbezogenen Daten bei Nutzung unserer Website.<\/p>\n\n\n\n<h3 class=\"wp-block-heading\" id=\"information-uber-die-erhebung-personenbezogener-daten\">Information \u00fcber die Erhebung personenbezogener Daten<\/h3>\n\n\n\n<p>(1) Im Folgenden informieren wir \u00fcber die Erhebung personenbezogener Daten bei Nutzung unserer Website. Personenbezogene Daten sind alle Daten, die auf Sie pers\u00f6nlich beziehbar sind, z. B. Name, Adresse, E-Mail-Adressen, Nutzerverhalten.<\/p>\n\n\n\n<h3 class=\"wp-block-heading\" id=\"verantwortlicher-gem-art-4-abs-7-eu-datenschutz-grundverordnung-ds-gvo-ist\">Verantwortlicher gem. Art. 4 Abs. 7 EU-Datenschutz-Grundverordnung (DS-GVO) ist:<\/h3>\n\n\n\n<p>Die verantwortliche Stelle f\u00fcr die Datenverarbeitung auf dieser Website ist:<\/p>\n\n\n\n<p><strong>Stadt Oberhausen<\/strong><\/p>\n\n\n\n<p>Der Oberb\u00fcrgermeister<br>Schwartzstra\u00dfe 72<br>46045 Oberhausen<br>Telefon: +49 208 825-1<br>E-Mail:&nbsp;<a href=\"mailto:info@oberhausen.de\" target=\"_blank\" rel=\"noreferrer noopener\">info@oberhausen.de<\/a><\/p>\n\n\n\n<p>Verantwortliche Stelle ist die nat\u00fcrliche oder juristische Person, die allein oder gemeinsam mit anderen \u00fcber die Zwecke und Mittel der Verarbeitung von personenbezogenen Daten (z.B. Namen, E-Mail-Adressen o. \u00c4.) entscheidet.<\/p>\n\n\n\n<p><strong>Datenschutzbeauftragte<\/strong><\/p>\n\n\n\n<p>Die beh\u00f6rdliche Datenschutzbeauftragte erreichen Sie wie folgt:<\/p>\n\n\n\n<p>Stadt Oberhausen<br>Die beh\u00f6rdliche Datenschutzbeauftragte<br>Schwartzstra\u00dfe 72<br>46045 Oberhausen<br>Telefon: 0208 825 1<br>E-Mail:&nbsp;<a href=\"mailto:datenschutz@oberhausen.de\" target=\"_blank\" rel=\"noreferrer noopener\">datenschutz@oberhausen.de<\/a><\/p>\n\n\n\n<p>Bei Ihrer Kontaktaufnahme mit uns per E-Mail werden die von Ihnen mitgeteilten Daten (Ihre E-Mail-Adresse, ggf. Ihr Name und Ihre Telefonnummer) von uns gespeichert, um Ihre Fragen zu beantworten. Die in diesem Zusammenhang anfallenden Daten l\u00f6schen wir, nachdem die Speicherung nicht mehr erforderlich ist, oder schr\u00e4nken die Verarbeitung ein, falls gesetzliche Aufbewahrungspflichten bestehen. Rechtsgrundlage f\u00fcr die Datenverarbeitung ist hier Art. 6 Abs. 1 lit. b) EU-DSGVO.<\/p>\n\n\n\n<p>Falls wir f\u00fcr einzelne Funktionen unseres Angebots auf beauftragte Dienstleister zur\u00fcckgreifen, werden wir Sie untenstehend im Detail \u00fcber die jeweiligen Vorg\u00e4nge informieren. Dabei nennen wir auch die festgelegten Kriterien der Speicherdauer.<\/p>\n\n\n\n<p>Um unberechtigte Zugriffe Dritter auf Ihre pers\u00f6nlichen Daten zu verhindern, wird die Verbindung per TLS-Technik verschl\u00fcsselt.<\/p>\n\n\n\n<h3 class=\"wp-block-heading\" id=\"erhebung-personenbezogener-daten-bei-besuch-unserer-website\">Erhebung personenbezogener Daten bei Besuch unserer Website<\/h3>\n\n\n\n<p>Bei der blo\u00dfen informatorischen Nutzung der Website, also wenn Sie sich nicht registrieren oder uns anderweitig Informationen \u00fcbermitteln, erheben wir nur die personenbezogenen Daten, die Ihr Browser an unseren Server \u00fcbermittelt. Wenn Sie unsere Website betrachten m\u00f6chten, erheben wir die folgenden Daten, die f\u00fcr uns technisch erforderlich sind, um Ihnen unsere Website anzuzeigen und die Stabilit\u00e4t und Sicherheit zu gew\u00e4hrleisten (Rechtsgrundlage ist Art. 6 Abs. 1 S. 1 lit. f DS-GVO). Diese allgemeinen Daten und Informationen werden in den Logfiles des Servers gespeichert:<\/p>\n\n\n\n<ul class=\"wp-block-list\">\n<li>IP-Adresse<\/li>\n\n\n\n<li>Datum und Uhrzeit der Anfrage<\/li>\n\n\n\n<li>Zeitzonendifferenz zur Greenwich Mean Time (GMT)<\/li>\n\n\n\n<li>Inhalt der Anforderung (konkrete Seite)<\/li>\n\n\n\n<li>Zugriffsstatus\/HTTP-Statuscode<\/li>\n\n\n\n<li>jeweils \u00fcbertragene Datenmenge<\/li>\n\n\n\n<li>Website, von der die Anforderung kommt<\/li>\n\n\n\n<li>Browser<\/li>\n\n\n\n<li>Betriebssystem und dessen Oberfl\u00e4che<\/li>\n\n\n\n<li>Sprache und Version der Browsersoftware.<\/li>\n<\/ul>\n\n\n\n<p>Ihre IP-Adresse wird im Rahmen eines Log-Protokolls f\u00fcr maximal 7 Tage gespeichert, danach anonymisiert und nach sp\u00e4testens 6 Monaten endg\u00fcltig gel\u00f6scht.<\/p>\n\n\n\n<p>Bei der Nutzung dieser allgemeinen Daten und Informationen ziehen wir keine R\u00fcckschl\u00fcsse auf Sie. Die Daten der Server-Logfiles werden getrennt von allen durch Sie angegebenen personenbezogenen Daten gespeichert.<\/p>\n\n\n\n<p><strong>Hosting<\/strong><\/p>\n\n\n\n<p>Zum Betrieb unserer Webpr\u00e4senz verarbeiten wir und unser Dienstleister PIXELSTARK &#8211; Kreative Mediendienstleistungen https:\/\/pixelstark.de\/ Bestands-, Inhalts- und Kontaktdaten, Vertragsdaten, Nutzungs-, Meta- und Kommunikationsdaten von Besucher*innen, Kund*innen und Interessent*innen der angeboten Onlinedienste auf Grundlage unseres berechtigten Interesses an einer effizienten und sicheren Zurverf\u00fcgungstellung gem. Art. 6 Abs. 1 lit. f) EU-DSGVO i. V. m. Art. 28 EU-DSGVO.<\/p>\n\n\n\n<p><strong>Logdateien<\/strong><\/p>\n\n\n\n<p>Wir erheben auf Grundlage unseres berechtigten Interesses nach Art. 6 Abs. 1 lit. f) EUDSGVO Daten \u00fcber jeden Zugriff auf den Server (\u201eServerlogdateien\u201c). Logdateien werden aus Sicherheitsgr\u00fcnden (insbesondere zur Aufkl\u00e4rung von Missbrauchs- oder Betrugshandlungen) f\u00fcr die Dauer von maximal 10 Tagen gespeichert und danach gel\u00f6scht. Informationen, deren weitere Aufbewahrung zu Beweiszwecken erforderlich ist, sind bis zur endg\u00fcltigen Kl\u00e4rung des jeweiligen Vorfalls von der L\u00f6schung ausgenommen.<\/p>\n\n\n\n<p><strong>Minderj\u00e4hrige<\/strong><\/p>\n\n\n\n<p>Personenbezogene Daten von Kindern und Jugendlichen werden nicht wissentlich gesammelt oder in irgendeiner Form verwendet. In der Regel erfahren wir nicht das Alter der Besucherin oder des Besuchers unserer Website. Wir haben jedoch auch keine spezifischen Ma\u00dfnahmen ergriffen, um solche Daten im besonderen Ma\u00dfe zu sch\u00fctzen.<\/p>\n\n\n\n<h3 class=\"wp-block-heading\" id=\"ihre-rechte\">Ihre Rechte<\/h3>\n\n\n\n<p>Sie haben gegen\u00fcber uns folgende Rechte hinsichtlich der Sie betreffenden personenbezogenen Daten:<\/p>\n\n\n\n<ul class=\"wp-block-list\">\n<li>das Recht auf Auskunft nach Art. 15 DS-GVO i.V.m. \u00a7 34 BDSG.<\/li>\n\n\n\n<li>das Recht auf Berichtigung gem\u00e4\u00df Art. 16 DS-GVO.<\/li>\n\n\n\n<li>das Recht auf L\u00f6schung aus Art. 17 DS-GVO i.V.m. \u00a7 35 BDSG.<\/li>\n\n\n\n<li>das Recht auf Einschr\u00e4nkung der Verarbeitung gem\u00e4\u00df Art. 18 DS-GVO.<\/li>\n\n\n\n<li>das Recht auf Daten\u00fcbertragbarkeit aus Art. 20 DS-GVO.<\/li>\n\n\n\n<li>das Recht auf Beschwerde bei einer zust\u00e4ndigen Datenschutzaufsichtsbeh\u00f6rde gem\u00e4\u00df Art. 77 DS-GVO i. V. m. \u00a7 19 BDSG. M\u00f6chten Sie Ihr Recht auf Beschwerde wahrnehmen, k\u00f6nnen Sie Ihre Beschwerde an den unter Ziffer 1 genannten Datenschutzbeauftragten oder an die zust\u00e4ndige Datenschutzaufsichtsbeh\u00f6rde richten.<\/li>\n\n\n\n<li>das Widerspruchsrecht gem\u00e4\u00df Art. 21 DS-GVO.<\/li>\n<\/ul>\n\n\n\n<p><strong>Aufsichtsbeh\u00f6rde:<\/strong><\/p>\n\n\n\n<p>Die Landesbeauftragte f\u00fcr Datenschutz und Informationsfreiheit<br>Nordrhein-Westfalen (LDI NRW),<br>Kavalleriestra\u00dfe 2-4, 40213 D\u00fcsseldorf,<br>Telefon: 0211\/38424-0<\/p>\n\n\n\n<h3 class=\"wp-block-heading\" id=\"widerspruch-oder-widerruf-gegen-die-verarbeitung-ihrer-daten\">Widerspruch oder Widerruf gegen die Verarbeitung Ihrer Daten<\/h3>\n\n\n\n<p>(1) Falls Sie eine Einwilligung zur Verarbeitung Ihrer Daten erteilt haben, k\u00f6nnen Sie diese jederzeit widerrufen. Ein solcher Widerruf beeinflusst die Zul\u00e4ssigkeit der Verarbeitung Ihrer personenbezogenen Daten, nachdem Sie ihn gegen\u00fcber uns ausgesprochen haben.<\/p>\n\n\n\n<p>(2) Soweit wir die Verarbeitung Ihrer personenbezogenen Daten auf die Interessenabw\u00e4gung st\u00fctzen, k\u00f6nnen Sie Widerspruch gegen die Verarbeitung einlegen. Dies ist der Fall, wenn die Verarbeitung insbesondere nicht zur Erf\u00fcllung eines Vertrags mit Ihnen erforderlich ist, was von uns jeweils bei der nachfolgenden Beschreibung der Funktionen dargestellt wird. Bei Aus\u00fcbung eines solchen Widerspruchs bitten wir um Darlegung der Gr\u00fcnde, weshalb wir Ihre personenbezogenen Daten nicht wie von uns durchgef\u00fchrt verarbeiten sollten. Im Falle Ihres begr\u00fcndeten Widerspruchs pr\u00fcfen wir die Sachlage und werden entweder die Datenverarbeitung einstellen bzw. anpassen oder Ihnen unsere zwingenden schutzw\u00fcrdigen Gr\u00fcnde aufzeigen, aufgrund derer wir die Verarbeitung fortf\u00fchren.<\/p>\n\n\n\n<p>(3) Selbstverst\u00e4ndlich k\u00f6nnen Sie der Verarbeitung Ihrer personenbezogenen Daten f\u00fcr Zwecke der Werbung und Datenanalyse jederzeit widersprechen. \u00dcber Ihren Werbewiderspruch k\u00f6nnen Sie uns unter folgenden Kontaktdaten informieren:<br><strong><br>Medienzentrum Oberhausen<br><\/strong>Westf\u00e4lische Strasse 17<br>46117 Oberhausen<br>Telefon 0208 825-2818<br>E-Mail:poststelle@medienzentrum-oberhausen.de.<\/p>\n\n\n\n<h3 class=\"wp-block-heading\" id=\"automatisierte-entscheidungen-im-einzelfall-einschliesslich-profiling\">Automatisierte Entscheidungen im Einzelfall einschlie\u00dflich Profiling<\/h3>\n\n\n\n<p>Als verantwortungsbewusstes Unternehmen verzichten wir auf eine automatische Entscheidungsfindung oder ein Profiling.<\/p>\n\n\n\n<h3 class=\"wp-block-heading\" id=\"speicherdauer\">Speicherdauer<\/h3>\n\n\n\n<p>Sofern nicht in dem jeweiligen Abschnitt dieser Datenschutzerkl\u00e4rung explizit die L\u00f6schungsfristen bestimmter Daten geregelt ist, werden wir Ihre personenbezogenen Daten gem\u00e4\u00df den jeweiligen gesetzlichen Aufbewahrungsfristen l\u00f6schen oder wenn der Speicherzweck weggefallen ist. Nach Ablauf der Frist werden die Daten routinem\u00e4\u00dfig gel\u00f6scht, sofern sie nicht mehr zur Vertragserf\u00fcllung oder Vertragsanbahnung erforderlich sind.<\/p>\n\n\n\n<h3 class=\"wp-block-heading\" id=\"weitere-funktionen-und-angebote-unserer-website\">Weitere Funktionen und Angebote unserer Website<\/h3>\n\n\n\n<p>(1) Neben der rein informatorischen Nutzung unserer Website bieten wir verschiedene Leistungen an, die Sie bei Interesse nutzen k\u00f6nnen. Dazu m\u00fcssen Sie in der Regel weitere personenbezogene Daten angeben, die wir zur Erbringung der jeweiligen Leistung nutzen und f\u00fcr die die zuvor genannten Grunds\u00e4tze zur Datenverarbeitung gelten.<\/p>\n\n\n\n<p>(2) Teilweise bedienen wir uns zur Verarbeitung Ihrer Daten externer Dienstleister. Diese wurden von uns sorgf\u00e4ltig ausgew\u00e4hlt und beauftragt, sind an unsere Weisungen gebunden und werden regelm\u00e4\u00dfig kontrolliert.<\/p>\n\n\n\n<p>(3) Weiterhin k\u00f6nnen wir Ihre personenbezogenen Daten an Dritte weitergeben, wenn Aktionsteilnahmen, Gewinnspiele, Vertragsabschl\u00fcsse oder \u00e4hnliche Leistungen von uns gemeinsam mit Partnern angeboten werden. N\u00e4here Informationen hierzu erhalten Sie bei Angabe Ihrer personenbezogenen Daten oder untenstehend in der Beschreibung des Angebotes.<\/p>\n\n\n\n<p>(4) Soweit unsere Dienstleister oder Partner ihren Sitz in einem Staat au\u00dferhalb des Europ\u00e4ischen Wirtschaftsraumen (EWR) haben, informieren wir Sie \u00fcber die Folgen dieses Umstands in der Beschreibung des Angebotes.<\/p>\n\n\n\n<h3 class=\"wp-block-heading\" id=\"externe-links\">Externe Links<\/h3>\n\n\n\n<p>Wir verwenden auf unserer Website Links, die zu anderen Websites f\u00fchren (externe Links), diese sind besonders gekennzeichnet. Deren Inhalte befinden sich nicht auf unserem Server. Die externen Inhalte dieser Links wurden beim Setzen der Links gepr\u00fcft. Es kann jedoch nicht ausgeschlossen werden, dass die Inhalte von den jeweiligen Anbietern nachtr\u00e4glich ver\u00e4ndert wurden. Sollten Sie bemerken, dass die Inhalte der externen Anbieter gegen geltendes Recht versto\u00dfen, teilen Sie uns dies bitte mit. Diese Datenschutzerkl\u00e4rung gilt nur f\u00fcr Inhalte auf unserer Website.<\/p>\n\n\n\n<p><em>Wir behalten uns vor, die Datenschutzerkl\u00e4rung zu gegebener Zeit zu aktualisieren, um den Datenschutz zu verbessern und\/oder an ge\u00e4nderte Beh\u00f6rdenpraxis oder Rechtsprechung anzupassen.<\/em><\/p>\n\n\n\n<h3 class=\"wp-block-heading\" id=\"kommentarfunktion\">Kommentarfunktion<\/h3>\n\n\n\n<p><strong>Art und Zweck der Verarbeitung:<\/strong><\/p>\n\n\n\n<p>Wenn Nutzer Kommentare auf unserer Website hinterlassen, werden neben diesen Angaben auch der Zeitpunkt ihrer Erstellung und der zuvor durch den Websitebesucher gew\u00e4hlte Nutzername gespeichert. Dies dient unserer Sicherheit, da wir f\u00fcr widerrechtliche Inhalte auf unserer Webseite belangt werden k\u00f6nnen, auch wenn diese durch Benutzer erstellt wurden.<\/p>\n\n\n\n<p><strong>Rechtsgrundlage:<\/strong><\/p>\n\n\n\n<p>Die Verarbeitung der als Kommentar eingegebenen Daten erfolgt auf der Grundlage eines berechtigten Interesses (Art. 6 Abs. 1 lit. f DSGVO).<\/p>\n\n\n\n<p>Durch Bereitstellung der Kommentarfunktion m\u00f6chten wir Ihnen eine unkomplizierte Interaktion erm\u00f6glichen. Ihre gemachten Angaben werden zum Zwecke der Bearbeitung der Anfrage sowie f\u00fcr m\u00f6gliche Anschlussfragen gespeichert.<\/p>\n\n\n\n<p><strong>Empf\u00e4nger:<\/strong><\/p>\n\n\n\n<p>Empf\u00e4nger der Daten sind ggf. Auftragsverarbeiter.<\/p>\n\n\n\n<p><strong>Speicherdauer:<\/strong><\/p>\n\n\n\n<p>Die Daten werden gel\u00f6scht, sobald diese f\u00fcr den Zweck der Erhebung nicht mehr erforderlich sind. Dies ist grunds\u00e4tzlich der Fall, wenn die Kommunikation mit dem Nutzer abgeschlossen ist und das Unternehmen den Umst\u00e4nden entnehmen kann, dass der betroffene Sachverhalt abschlie\u00dfend gekl\u00e4rt ist. Wir behalten uns die L\u00f6schung ohne Angaben von Gr\u00fcnden und ohne vorherige oder nachtr\u00e4gliche Information vor.<\/p>\n\n\n\n<p>Au\u00dferdem k\u00f6nnen Sie Ihren Kommentar jederzeit durch uns l\u00f6schen lassen. Schreiben Sie daf\u00fcr bitte eine E-Mail an den unten aufgef\u00fchrten Datenschutzbeauftragten bzw. die f\u00fcr den Datenschutz zust\u00e4ndige Person und \u00fcbermitteln den Link zu Ihrem Kommentar sowie zu Identifikationszwecken die bei der Erstellung des Kommentars verwendete E-Mail-Adresse.<\/p>\n\n\n\n<p><strong>Bereitstellung vorgeschrieben oder erforderlich:<\/strong><\/p>\n\n\n\n<p>Die Bereitstellung Ihrer personenbezogenen Daten erfolgt freiwillig. Ohne die Bereitstellung Ihrer personenbezogenen Daten k\u00f6nnen wir Ihnen keinen Zugang zu unserer Kommentarfunktion gew\u00e4hren.<\/p>\n\n\n\n<h3 class=\"wp-block-heading\" id=\"eingebettete-youtube-videos\">Eingebettete YouTube-Videos<\/h3>\n\n\n\n<p>Auf unserer Website betten wir YouTube-Videos ein. Betreiber der entsprechenden Plugins ist die YouTube, LLC, 901 Cherry Ave., San Bruno, CA 94066, USA (nachfolgend \u201eYouTube\u201c). Die YouTube, LLC ist einer Tochtergesellschaft der Google LLC, 1600 Amphitheatre Pkwy, Mountain View, CA 94043, USA (nachfolgend \u201eGoogle\u201c). Wenn Sie eine Seite mit dem YouTube-Plugin besuchen, wird eine Verbindung zu Servern von YouTube hergestellt. Dabei wird YouTube mitgeteilt, welche Seiten Sie besuchen. Wenn Sie in Ihrem YouTube-Account eingeloggt sind, kann YouTube Ihr Surfverhalten Ihnen pers\u00f6nlich zuzuordnen. Dies verhindern Sie, indem Sie sich vorher aus Ihrem YouTube-Account ausloggen.<\/p>\n\n\n\n<p>Wird ein YouTube-Video gestartet, setzt der Anbieter Cookies ein, die Hinweise \u00fcber das Nutzerverhalten sammeln.<\/p>\n\n\n\n<p>Weitere Informationen zu Zweck und Umfang der Datenerhebung und ihrer Verarbeitung durch YouTube erhalten Sie in den Datenschutzerkl\u00e4rungen des Anbieters, Dort erhalten Sie auch weitere Informationen zu Ihren diesbez\u00fcglichen Rechten und Einstellungsm\u00f6glichkeiten zum Schutze Ihrer Privatsph\u00e4re (<a href=\"https:\/\/policies.google.com\/privacy\" target=\"_blank\" rel=\"noreferrer noopener\">https:\/\/policies.google.com\/privacy<\/a>).<\/p>\n\n\n\n<p><strong>Widerruf der Einwilligung:<\/strong><\/p>\n\n\n\n<p>Vom Anbieter wird derzeit keine M\u00f6glichkeit f\u00fcr einen einfachen Opt-out oder ein Blockieren der Daten\u00fcbertragung angeboten. Wenn Sie eine Nachverfolgung Ihrer Aktivit\u00e4ten auf unserer Website verhindern wollen, widerrufen Sie bitte im Cookie-Consent-Tool Ihre Einwilligung f\u00fcr die entsprechende Cookie-Kategorie oder alle technisch nicht notwendigen Cookies und Daten\u00fcbertragungen. In diesem Fall k\u00f6nnen Sie unsere Website jedoch ggfs. nicht oder nur eingeschr\u00e4nkt nutzen.<\/p>\n\n\n\n<h3 class=\"wp-block-heading\" id=\"ssl-verschlusselung\">SSL-Verschl\u00fcsselung<\/h3>\n\n\n\n<p>Um die Sicherheit Ihrer Daten bei der \u00dcbertragung zu sch\u00fctzen, verwenden wir dem aktuellen Stand der Technik entsprechende Verschl\u00fcsselungsverfahren (z. B. SSL) \u00fcber HTTPS.<\/p>\n","protected":false},"excerpt":{"rendered":"<p>Sehr geehrte Nutzer\/innen, der Schutz Ihrer Privatsph\u00e4re hat f\u00fcr uns einen hohen Stellenwert. Im Folgenden informieren wir Sie \u00fcber die Verarbeitung Ihrer personenbezogenen Daten bei Nutzung unserer Website. Information \u00fcber die Erhebung personenbezogener Daten (1) Im Folgenden informieren wir \u00fcber die Erhebung personenbezogener Daten bei Nutzung unserer Website. Personenbezogene Daten sind alle Daten, die auf [&hellip;]<\/p>\n","protected":false},"author":2,"featured_media":0,"parent":0,"menu_order":0,"comment_status":"closed","ping_status":"closed","template":"","meta":{"footnotes":""},"class_list":["post-378","page","type-page","status-publish","hentry"],"_links":{"self":[{"href":"https:\/\/medienzentrum-oberhausen.de\/index.php?rest_route=\/wp\/v2\/pages\/378","targetHints":{"allow":["GET"]}}],"collection":[{"href":"https:\/\/medienzentrum-oberhausen.de\/index.php?rest_route=\/wp\/v2\/pages"}],"about":[{"href":"https:\/\/medienzentrum-oberhausen.de\/index.php?rest_route=\/wp\/v2\/types\/page"}],"author":[{"embeddable":true,"href":"https:\/\/medienzentrum-oberhausen.de\/index.php?rest_route=\/wp\/v2\/users\/2"}],"replies":[{"embeddable":true,"href":"https:\/\/medienzentrum-oberhausen.de\/index.php?rest_route=%2Fwp%2Fv2%2Fcomments&post=378"}],"version-history":[{"count":1,"href":"https:\/\/medienzentrum-oberhausen.de\/index.php?rest_route=\/wp\/v2\/pages\/378\/revisions"}],"predecessor-version":[{"id":379,"href":"https:\/\/medienzentrum-oberhausen.de\/index.php?rest_route=\/wp\/v2\/pages\/378\/revisions\/379"}],"wp:attachment":[{"href":"https:\/\/medienzentrum-oberhausen.de\/index.php?rest_route=%2Fwp%2Fv2%2Fmedia&parent=378"}],"curies":[{"name":"wp","href":"https:\/\/api.w.org\/{rel}","templated":true}]}}