{"id":376,"date":"2025-11-11T19:25:04","date_gmt":"2025-11-11T19:25:04","guid":{"rendered":"https:\/\/medienzentrum-oberhausen.de\/?page_id=376"},"modified":"2025-11-11T19:41:00","modified_gmt":"2025-11-11T19:41:00","slug":"kontakt","status":"publish","type":"page","link":"https:\/\/medienzentrum-oberhausen.de\/?page_id=376","title":{"rendered":"Kontakt"},"content":{"rendered":"\n<p>Stadt Oberhausen<br>Bereich 3-3-30-100\/Bildungsb\u00fcro<br>Medienzentrum Oberhausen<br>Westf\u00e4lische Strasse 17<br>46117 Oberhausen<br><br>Telefon: 0208 825-2818<br>Mail: poststelle@medienzentrum-oberhausen.de<br><br><strong>\u00d6ffnungszeiten<\/strong><br>Mo &amp; Mi  08.00 &#8211; 16.00 Uhr<br>Fr 08.00 &#8211; 13.00 Uhr<\/p>\n\n\n\n<div style=\"height:100px\" aria-hidden=\"true\" class=\"wp-block-spacer\"><\/div>\n\n\n\n<p><strong>Leitung Medienzentrum<\/strong><br>Stephan Schieck<br>Telefon: 0208 &#8211; 62921121<br>Mail: stephan.schieck[at]oberhausen.de<br>Mo-Do 08.00-16.00 Uhr<\/p>\n\n\n\n<p><strong>Technik &amp; Verleih<\/strong><br>Stephan Leinen<br>Telefon: 0171 &#8211; 2727646<br>Mail: stephan.leinen[at]oberhausen.de<br>Mo-Do 08.00-16.00 Uhr &amp; Fr 08.00-13.00<\/p>\n\n\n\n<div style=\"height:100px\" aria-hidden=\"true\" class=\"wp-block-spacer\"><\/div>\n\n\n\n<p><strong>Unsere Kooperationspartner &#8211; <br>Die Medienberater der Bezirksregierung<\/strong><\/p>\n\n\n\n<p>stephan.klapper@brd.nrw.schule<\/p>\n\n\n\n<p>stefan.giesberg@brd.nrw.schule<\/p>\n\n\n\n<p>peter.weisser@brd.nrw.schule<\/p>\n\n\n\n<p><\/p>\n","protected":false},"excerpt":{"rendered":"<p>Stadt OberhausenBereich 3-3-30-100\/Bildungsb\u00fcroMedienzentrum OberhausenWestf\u00e4lische Strasse 1746117 Oberhausen Telefon: 0208 825-2818Mail: poststelle@medienzentrum-oberhausen.de \u00d6ffnungszeitenMo &amp; Mi 08.00 &#8211; 16.00 UhrFr 08.00 &#8211; 13.00 Uhr Leitung MedienzentrumStephan SchieckTelefon: 0208 &#8211; 62921121Mail: stephan.schieck[at]oberhausen.deMo-Do 08.00-16.00 Uhr Technik &amp; VerleihStephan LeinenTelefon: 0171 &#8211; 2727646Mail: stephan.leinen[at]oberhausen.deMo-Do 08.00-16.00 Uhr &amp; Fr 08.00-13.00 Unsere Kooperationspartner &#8211; Die Medienberater der Bezirksregierung stephan.klapper@brd.nrw.schule stefan.giesberg@brd.nrw.schule peter.weisser@brd.nrw.schule<\/p>\n","protected":false},"author":2,"featured_media":0,"parent":0,"menu_order":0,"comment_status":"closed","ping_status":"closed","template":"","meta":{"footnotes":""},"class_list":["post-376","page","type-page","status-publish","hentry"],"_links":{"self":[{"href":"https:\/\/medienzentrum-oberhausen.de\/index.php?rest_route=\/wp\/v2\/pages\/376","targetHints":{"allow":["GET"]}}],"collection":[{"href":"https:\/\/medienzentrum-oberhausen.de\/index.php?rest_route=\/wp\/v2\/pages"}],"about":[{"href":"https:\/\/medienzentrum-oberhausen.de\/index.php?rest_route=\/wp\/v2\/types\/page"}],"author":[{"embeddable":true,"href":"https:\/\/medienzentrum-oberhausen.de\/index.php?rest_route=\/wp\/v2\/users\/2"}],"replies":[{"embeddable":true,"href":"https:\/\/medienzentrum-oberhausen.de\/index.php?rest_route=%2Fwp%2Fv2%2Fcomments&post=376"}],"version-history":[{"count":1,"href":"https:\/\/medienzentrum-oberhausen.de\/index.php?rest_route=\/wp\/v2\/pages\/376\/revisions"}],"predecessor-version":[{"id":377,"href":"https:\/\/medienzentrum-oberhausen.de\/index.php?rest_route=\/wp\/v2\/pages\/376\/revisions\/377"}],"wp:attachment":[{"href":"https:\/\/medienzentrum-oberhausen.de\/index.php?rest_route=%2Fwp%2Fv2%2Fmedia&parent=376"}],"curies":[{"name":"wp","href":"https:\/\/api.w.org\/{rel}","templated":true}]}}