{"id":371,"date":"2025-11-11T18:39:38","date_gmt":"2025-11-11T18:39:38","guid":{"rendered":"https:\/\/medienzentrum-oberhausen.de\/?page_id=371"},"modified":"2025-11-11T19:42:10","modified_gmt":"2025-11-11T19:42:10","slug":"dmpvr","status":"publish","type":"page","link":"https:\/\/medienzentrum-oberhausen.de\/?page_id=371","title":{"rendered":"DMP+VR"},"content":{"rendered":"\n<h2 class=\"wp-block-heading\"><strong>DIGITAL MAKING PLACES: ZUKUNFT GESTALTEN DURCH DIGITALES MAKING<\/strong><\/h2>\n\n\n\n<p>Das Pilotprojekt \u201eDigital Making Places\u201c bietet Lehrkr\u00e4ften in M\u00fclheim an der Ruhr innovative M\u00f6glichkeiten, digitale Technologien praxisnah in den Unterricht zu integrieren. Von der kreativen Gestaltung digitaler Kunstwerke bis hin zu handwerklichen Arbeiten mit 3D-Druckern: Hier steht das eigenst\u00e4ndige Experimentieren mit modernster Technologie im Mittelpunkt.<\/p>\n\n\n\n<p>Dank der \u201eMaking\u201c-Philosophie \u2013 learning by doing \u2013 k\u00f6nnen Lehrkr\u00e4fte gemeinsam mit ihren Sch\u00fclerinnen und Sch\u00fclern kreative, interdisziplin\u00e4re Projekte umsetzen. Die bereitgestellten Tools und Ger\u00e4te er\u00f6ffnen eine Welt voller M\u00f6glichkeiten, darunter:<\/p>\n\n\n\n<div class=\"wp-block-columns is-layout-flex wp-container-core-columns-is-layout-28f84493 wp-block-columns-is-layout-flex\">\n<div class=\"wp-block-column is-layout-flow wp-block-column-is-layout-flow\" style=\"flex-basis:33.33%\">\n<figure class=\"wp-block-image\"><img decoding=\"async\" src=\"https:\/\/kultur.muelheim-ruhr.de\/sites\/default\/files\/styles\/thumbnail\/https\/images.muelheim-ruhr.de\/sites\/default\/files\/image-683469e0ef6225.49591570.png?itok=ZFN4ukjC\" alt=\"Das Bild zeigt ein Symbol f\u00fcr Optik.\" title=\"Icon Visual\"\/><\/figure>\n<\/div>\n\n\n\n<div class=\"wp-block-column is-layout-flow wp-block-column-is-layout-flow\" style=\"flex-basis:66.66%\">\n<p><strong>VISUAL<\/strong><br>Hochleistungscomputer und Produktionstechnik f\u00fcr audiovisuelle Medien<\/p>\n<\/div>\n<\/div>\n\n\n\n<div class=\"wp-block-columns is-layout-flex wp-container-core-columns-is-layout-28f84493 wp-block-columns-is-layout-flex\">\n<div class=\"wp-block-column is-layout-flow wp-block-column-is-layout-flow\" style=\"flex-basis:33.33%\">\n<figure class=\"wp-block-image\"><img decoding=\"async\" src=\"https:\/\/kultur.muelheim-ruhr.de\/sites\/default\/files\/styles\/thumbnail\/https\/images.muelheim-ruhr.de\/sites\/default\/files\/image-68346416d77f54.26301690.png?itok=XJUXCMU7\" alt=\"Das Bild zeigt ein Symbol f\u00fcr Ton.\" title=\"Icon Audio\"\/><\/figure>\n<\/div>\n\n\n\n<div class=\"wp-block-column is-layout-flow wp-block-column-is-layout-flow\" style=\"flex-basis:66.66%\">\n<p><strong>AUDIO<\/strong><br>Podcasting- und Musikproduktions-Equipment<\/p>\n<\/div>\n<\/div>\n\n\n\n<div class=\"wp-block-columns is-layout-flex wp-container-core-columns-is-layout-28f84493 wp-block-columns-is-layout-flex\">\n<div class=\"wp-block-column is-layout-flow wp-block-column-is-layout-flow\" style=\"flex-basis:33.33%\">\n<figure class=\"wp-block-image\"><img decoding=\"async\" src=\"https:\/\/kultur.muelheim-ruhr.de\/sites\/default\/files\/styles\/thumbnail\/https\/images.muelheim-ruhr.de\/sites\/default\/files\/image-6834633d8a1945.17908482.png?itok=0_2crsaj\" alt=\"Das Bild zeigt ein Symbol f\u00fcr Kodierung.\" title=\"Icon Coding\"\/><\/figure>\n<\/div>\n\n\n\n<div class=\"wp-block-column is-layout-flow wp-block-column-is-layout-flow\" style=\"flex-basis:66.66%\">\n<p><strong>CODING\/FLEX<\/strong><br>Programmierbare Lernroboter und Einplatinencomputer<\/p>\n<\/div>\n<\/div>\n\n\n\n<div class=\"wp-block-columns is-layout-flex wp-container-core-columns-is-layout-28f84493 wp-block-columns-is-layout-flex\">\n<div class=\"wp-block-column is-layout-flow wp-block-column-is-layout-flow\" style=\"flex-basis:33.33%\">\n<figure class=\"wp-block-image\"><img decoding=\"async\" src=\"https:\/\/kultur.muelheim-ruhr.de\/sites\/default\/files\/styles\/thumbnail\/https\/images.muelheim-ruhr.de\/sites\/default\/files\/image-683464705c53a1.94082116.png?itok=Dvn5N8oc\" alt=\"Das Bild zeigt ein Symbol f\u00fcr 3D-Druck.\" title=\"Icon Tinker\"\/><\/figure>\n<\/div>\n\n\n\n<div class=\"wp-block-column is-layout-flow wp-block-column-is-layout-flow\" style=\"flex-basis:66.66%\">\n<p><strong>HAPTIK\/TINKER<\/strong><br>3D-Drucker, 3D-Stifte und Schneideplotter<\/p>\n<\/div>\n<\/div>\n\n\n\n<p>Dieses Angebot richtet sich an alle Lehrkr\u00e4fte der Stadt Oberhausen. Es unterst\u00fctzt nicht nur die Entwicklung neuer Unterrichtskonzepte, sondern f\u00f6rdert auch eine lebendige Schulkultur, die Fehler als Chance begreift und kreative L\u00f6sungen f\u00fcr reale Herausforderungen findet.<\/p>\n\n\n\n<p>Ein gro\u00dfer Teil der Ger\u00e4te im DMP ist auch entleihbar. Kontaktieren Sie uns hierzu unter <a href=\"mailto:poststelle@medienzentrum-oberhausen.de\">poststelle@medienzentrum-oberhausen.de<\/a>.<\/p>\n\n\n\n<p><\/p>\n\n\n\n<p><br><br><\/p>\n","protected":false},"excerpt":{"rendered":"<p>DIGITAL MAKING PLACES: ZUKUNFT GESTALTEN DURCH DIGITALES MAKING Das Pilotprojekt \u201eDigital Making Places\u201c bietet Lehrkr\u00e4ften in M\u00fclheim an der Ruhr innovative M\u00f6glichkeiten, digitale Technologien praxisnah in den Unterricht zu integrieren. Von der kreativen Gestaltung digitaler Kunstwerke bis hin zu handwerklichen Arbeiten mit 3D-Druckern: Hier steht das eigenst\u00e4ndige Experimentieren mit modernster Technologie im Mittelpunkt. Dank der [&hellip;]<\/p>\n","protected":false},"author":2,"featured_media":372,"parent":348,"menu_order":0,"comment_status":"closed","ping_status":"closed","template":"","meta":{"footnotes":""},"class_list":["post-371","page","type-page","status-publish","has-post-thumbnail","hentry"],"_links":{"self":[{"href":"https:\/\/medienzentrum-oberhausen.de\/index.php?rest_route=\/wp\/v2\/pages\/371","targetHints":{"allow":["GET"]}}],"collection":[{"href":"https:\/\/medienzentrum-oberhausen.de\/index.php?rest_route=\/wp\/v2\/pages"}],"about":[{"href":"https:\/\/medienzentrum-oberhausen.de\/index.php?rest_route=\/wp\/v2\/types\/page"}],"author":[{"embeddable":true,"href":"https:\/\/medienzentrum-oberhausen.de\/index.php?rest_route=\/wp\/v2\/users\/2"}],"replies":[{"embeddable":true,"href":"https:\/\/medienzentrum-oberhausen.de\/index.php?rest_route=%2Fwp%2Fv2%2Fcomments&post=371"}],"version-history":[{"count":3,"href":"https:\/\/medienzentrum-oberhausen.de\/index.php?rest_route=\/wp\/v2\/pages\/371\/revisions"}],"predecessor-version":[{"id":375,"href":"https:\/\/medienzentrum-oberhausen.de\/index.php?rest_route=\/wp\/v2\/pages\/371\/revisions\/375"}],"up":[{"embeddable":true,"href":"https:\/\/medienzentrum-oberhausen.de\/index.php?rest_route=\/wp\/v2\/pages\/348"}],"wp:featuredmedia":[{"embeddable":true,"href":"https:\/\/medienzentrum-oberhausen.de\/index.php?rest_route=\/wp\/v2\/media\/372"}],"wp:attachment":[{"href":"https:\/\/medienzentrum-oberhausen.de\/index.php?rest_route=%2Fwp%2Fv2%2Fmedia&parent=371"}],"curies":[{"name":"wp","href":"https:\/\/api.w.org\/{rel}","templated":true}]}}