{"id":361,"date":"2025-11-11T19:36:15","date_gmt":"2025-11-11T19:36:15","guid":{"rendered":"https:\/\/medienzentrum-oberhausen.de\/?page_id=361"},"modified":"2025-11-11T20:33:26","modified_gmt":"2025-11-11T20:33:26","slug":"bildungsmediathek-nrw","status":"publish","type":"page","link":"https:\/\/medienzentrum-oberhausen.de\/?page_id=361","title":{"rendered":"Bildungsmediathek NRW"},"content":{"rendered":"\n<h2 class=\"wp-block-heading\">Anschauliches Lernen mit digitalen Bildungsmedien, -Apps und -Technologien<\/h2>\n\n\n\n<p>In der <a href=\"https:\/\/bildungsmediathek-nrw.de\/home?standort=OB\" target=\"_blank\" rel=\"noreferrer noopener\">Bildungsmediathek NRW<\/a> finden Sie digitale Bildungsmedien und Materialien f\u00fcr jede Schulform und Altersstufe &#8211; von Lehrfilmen und Erkl\u00e4rvideos \u00fcber Lernspiele und Serious Games bis hin zu Virtual-Reality-Anwendungen. Die Materialien sind didaktisch aufbereitet, curricular angebunden und sofort einsetzbar &#8211; zur individuellen F\u00f6rderung, im differenzierten Unterricht oder f\u00fcr projektorientiertes Arbeiten.<\/p>\n\n\n\n<div style=\"height:100px\" aria-hidden=\"true\" class=\"wp-block-spacer\"><\/div>\n\n\n\n<h2 class=\"wp-block-heading\">Vielf\u00e4ltige und sichere Einsatzm\u00f6glichkeiten<\/h2>\n\n\n\n<p>Die weitreichenden Lizenzbedingungen und <strong>Funktionen<\/strong> in der Bildungsmediathek NRW erm\u00f6glichen Ihnen einen vielseitigen Einsatz der Medien: Sie k\u00f6nnen sie mit eigenen, interaktiven Inhalten anreichern, im Klassenverbund streamen, \u00fcber QR-Codes gezielt mit Lernenden teilen, in Lernmanagementsysteme einbinden oder herunterladen und Ihren Sch\u00fcler*innen als Basis f\u00fcr eigene Lernprodukte zur Verf\u00fcgung stellen.<\/p>\n\n\n\n<figure class=\"wp-block-image size-full\"><img loading=\"lazy\" decoding=\"async\" width=\"1005\" height=\"405\" src=\"https:\/\/medienzentrum-oberhausen.de\/wp-content\/uploads\/2025\/11\/Bildungsmediathek-OB-Banner.png\" alt=\"\" class=\"wp-image-365\" srcset=\"https:\/\/medienzentrum-oberhausen.de\/wp-content\/uploads\/2025\/11\/Bildungsmediathek-OB-Banner.png 1005w, https:\/\/medienzentrum-oberhausen.de\/wp-content\/uploads\/2025\/11\/Bildungsmediathek-OB-Banner-300x121.png 300w, https:\/\/medienzentrum-oberhausen.de\/wp-content\/uploads\/2025\/11\/Bildungsmediathek-OB-Banner-768x309.png 768w\" sizes=\"auto, (max-width: 1005px) 100vw, 1005px\" \/><\/figure>\n\n\n\n<div style=\"height:100px\" aria-hidden=\"true\" class=\"wp-block-spacer\"><\/div>\n\n\n\n<h2 class=\"wp-block-heading\">Umfangreiche Medienpakete und Webapps f\u00fcr Oberhausener Schulen<\/h2>\n\n\n\n<p>Als Medienzentrum der Stadt Oberhausen lizenzieren wir jedes Jahr neue, spannende Inhalte f\u00fcr Sie. Neben anschaulich aufbereiteten Medienpaketen von Anbietern wie dem FWU, der MedienLB, GIDA oder Megaherz Campus geh\u00f6ren auch <strong>Webapps<\/strong> wie Taskcards dazu. Dar\u00fcber hinaus k\u00f6nnen Sie auch auf die landesweiten Angebote LeOn, Divomath und das VIL-Portal zugreifen.<\/p>\n\n\n\n<div style=\"height:100px\" aria-hidden=\"true\" class=\"wp-block-spacer\"><\/div>\n\n\n\n<h2 class=\"wp-block-heading\">Neugierig geworden?<\/h2>\n\n\n\n<p>Auf viele Inhalte in der Bildungsmediathek NRW k\u00f6nnen Sie bereits ohne <strong>Login<\/strong> zugreifen. Um alle Funktionen und Angebote nutzen zu k\u00f6nnen, m\u00fcssen Sie sich jedoch anmelden. Als Lehrkraft k\u00f6nnen Sie sich daf\u00fcr eigenst\u00e4ndig in der Bildungsmediathek NRW registrieren oder \u00fcber die LOGINEO NRW Schulplattform bzw. IServ in der Bildungsmediathek NRW anmelden.<\/p>\n\n\n\n<p>Im Hilfebereich der Bildungsmediathek NRW finden Sie zahlreiche Tutorials, zum Beispiel zur Anreicherung von Videos mit interaktiven Inhalten oder zur aktiven Medienarbeit mit dem iPad. Bei weiteren Fragen zur Bildungsmediathek NRW k\u00f6nnen Sie sich auch gerne an uns oder die Medienberatenden wenden.<\/p>\n","protected":false},"excerpt":{"rendered":"<p>Anschauliches Lernen mit digitalen Bildungsmedien, -Apps und -Technologien In der Bildungsmediathek NRW finden Sie digitale Bildungsmedien und Materialien f\u00fcr jede Schulform und Altersstufe &#8211; von Lehrfilmen und Erkl\u00e4rvideos \u00fcber Lernspiele und Serious Games bis hin zu Virtual-Reality-Anwendungen. Die Materialien sind didaktisch aufbereitet, curricular angebunden und sofort einsetzbar &#8211; zur individuellen F\u00f6rderung, im differenzierten Unterricht oder [&hellip;]<\/p>\n","protected":false},"author":2,"featured_media":364,"parent":348,"menu_order":0,"comment_status":"closed","ping_status":"closed","template":"","meta":{"footnotes":""},"class_list":["post-361","page","type-page","status-publish","has-post-thumbnail","hentry"],"_links":{"self":[{"href":"https:\/\/medienzentrum-oberhausen.de\/index.php?rest_route=\/wp\/v2\/pages\/361","targetHints":{"allow":["GET"]}}],"collection":[{"href":"https:\/\/medienzentrum-oberhausen.de\/index.php?rest_route=\/wp\/v2\/pages"}],"about":[{"href":"https:\/\/medienzentrum-oberhausen.de\/index.php?rest_route=\/wp\/v2\/types\/page"}],"author":[{"embeddable":true,"href":"https:\/\/medienzentrum-oberhausen.de\/index.php?rest_route=\/wp\/v2\/users\/2"}],"replies":[{"embeddable":true,"href":"https:\/\/medienzentrum-oberhausen.de\/index.php?rest_route=%2Fwp%2Fv2%2Fcomments&post=361"}],"version-history":[{"count":5,"href":"https:\/\/medienzentrum-oberhausen.de\/index.php?rest_route=\/wp\/v2\/pages\/361\/revisions"}],"predecessor-version":[{"id":389,"href":"https:\/\/medienzentrum-oberhausen.de\/index.php?rest_route=\/wp\/v2\/pages\/361\/revisions\/389"}],"up":[{"embeddable":true,"href":"https:\/\/medienzentrum-oberhausen.de\/index.php?rest_route=\/wp\/v2\/pages\/348"}],"wp:featuredmedia":[{"embeddable":true,"href":"https:\/\/medienzentrum-oberhausen.de\/index.php?rest_route=\/wp\/v2\/media\/364"}],"wp:attachment":[{"href":"https:\/\/medienzentrum-oberhausen.de\/index.php?rest_route=%2Fwp%2Fv2%2Fmedia&parent=361"}],"curies":[{"name":"wp","href":"https:\/\/api.w.org\/{rel}","templated":true}]}}